{"id":2155,"date":"2022-09-29T21:21:20","date_gmt":"2022-09-29T18:21:20","guid":{"rendered":"https:\/\/kallastehobitalu.ee\/events\/"},"modified":"2026-04-05T17:43:17","modified_gmt":"2026-04-05T14:43:17","slug":"events","status":"publish","type":"page","link":"https:\/\/kallastehobitalu.ee\/en\/events\/","title":{"rendered":"Events"},"content":{"rendered":"\t\t<div data-elementor-type=\"wp-page\" data-elementor-id=\"2155\" class=\"elementor elementor-2155 elementor-149\">\n\t\t\t\t\t\t<section class=\"elementor-section elementor-top-section elementor-element elementor-element-0a80dd8 elementor-section-boxed elementor-section-height-default elementor-section-height-default\" data-id=\"0a80dd8\" data-element_type=\"section\" data-e-type=\"section\">\n\t\t\t\t\t\t<div class=\"elementor-container elementor-column-gap-default\">\n\t\t\t\t\t<div class=\"elementor-column elementor-col-100 elementor-top-column elementor-element elementor-element-0c6815a\" data-id=\"0c6815a\" data-element_type=\"column\" data-e-type=\"column\">\n\t\t\t<div class=\"elementor-widget-wrap elementor-element-populated\">\n\t\t\t\t\t\t<div class=\"elementor-element elementor-element-cff7f85 elementor-widget elementor-widget-text-editor\" data-id=\"cff7f85\" data-element_type=\"widget\" data-e-type=\"widget\" data-widget_type=\"text-editor.default\">\n\t\t\t\t<div class=\"elementor-widget-container\">\n\t\t\t\t\t\t\t\t\t<h5><strong>Sensory parties will start again in the summer of 2026! <\/strong><\/h5><p data-start=\"0\" data-end=\"259\">Kallaste Hobby Farm&#8217;s sensory party is designed for the littlest explorers, offering a joyful and playful experience in the heart of nature. The parties are meant for children aged 1\u20137 and combine creativity, movement, and sensory development in a safe and supportive environment.<\/p><p data-start=\"261\" data-end=\"686\">Children can look forward to various activity stations where they can paint on different surfaces, play with dry goods, explore water play, and enjoy getting messy and creative at their own pace. In addition, the mud station and playing in the grain offer plenty of excitement. The day is made especially memorable by meeting the farm&#8217;s lovely animals and enjoying the peaceful natural surroundings.<\/p><p data-start=\"688\" data-end=\"917\">The participation fee includes a visit to the farm and the sensory play experience. It&#8217;s a good idea to bring a change of clothes and wear something that can get dirty, because here, real play is allowed.<\/p><p data-start=\"688\" data-end=\"917\">2026. We will announce the 2026 summer sensory party dates soon!<\/p><p data-start=\"919\" data-end=\"1037\" data-is-last-node=\"\" data-is-only-node=\"\">We look forward to seeing you at Kallaste Hobby Farm in J\u00e4rvamaa, Abaja village\u2014a place where play, nature, and a child&#8217;s creativity can freely meet.<\/p>\t\t\t\t\t\t\t\t<\/div>\n\t\t\t\t<\/div>\n\t\t\t\t<div class=\"elementor-element elementor-element-30f433d elementor-arrows-position-inside elementor-pagination-position-outside elementor-widget elementor-widget-image-carousel\" data-id=\"30f433d\" data-element_type=\"widget\" data-e-type=\"widget\" data-settings=\"{&quot;slides_to_show&quot;:&quot;1&quot;,&quot;effect&quot;:&quot;fade&quot;,&quot;navigation&quot;:&quot;both&quot;,&quot;autoplay&quot;:&quot;yes&quot;,&quot;pause_on_hover&quot;:&quot;yes&quot;,&quot;pause_on_interaction&quot;:&quot;yes&quot;,&quot;autoplay_speed&quot;:5000,&quot;infinite&quot;:&quot;yes&quot;,&quot;speed&quot;:500}\" data-widget_type=\"image-carousel.default\">\n\t\t\t\t<div class=\"elementor-widget-container\">\n\t\t\t\t\t\t\t<div class=\"elementor-image-carousel-wrapper swiper\" role=\"region\" aria-roledescription=\"carousel\" aria-label=\"Image Carousel\" dir=\"ltr\">\n\t\t\t<div class=\"elementor-image-carousel swiper-wrapper\" aria-live=\"off\">\n\t\t\t\t\t\t\t\t<div class=\"swiper-slide\" role=\"group\" aria-roledescription=\"slide\" aria-label=\"1 of 3\"><a data-elementor-open-lightbox=\"yes\" data-elementor-lightbox-slideshow=\"30f433d\" data-elementor-lightbox-title=\"Children celebrate sensory party at Kallaste Hobby Farm\" data-elementor-lightbox-description=\"Kallaste Hobitalu kutsub 1\u20137-aastaseid lapsi sensoorsetele pidudele J\u00e4rvamaal, Abaja k\u00fclas. Pakume loovat ja meeli arendavat tegevust: mudakeskus, viljam\u00e4ngud, maalimine ja veem\u00e4ngud looduses. Osalustasu sisaldab loomapargi k\u00fclastust. Sensoorsed peod alustavad taas 2026. aasta suvel! Tule ja lase lapsel vabalt loovalt tegutseda turvalises talukeskkonnas.\" data-e-action-hash=\"#elementor-action%3Aaction%3Dlightbox%26settings%3DeyJpZCI6MjE1MSwidXJsIjoiaHR0cHM6XC9cL2thbGxhc3RlaG9iaXRhbHUuZWVcL3dwLWNvbnRlbnRcL3VwbG9hZHNcLzIwMjRcLzEyXC9EODVfNzU3MS1zY2FsZWQuanBnIiwic2xpZGVzaG93IjoiMzBmNDMzZCJ9\" href=\"https:\/\/kallastehobitalu.ee\/wp-content\/uploads\/2024\/12\/D85_7571-scaled.jpg\"><figure class=\"swiper-slide-inner\"><img decoding=\"async\" class=\"swiper-slide-image\" src=\"https:\/\/kallastehobitalu.ee\/wp-content\/uploads\/2024\/12\/D85_7571-1536x1024.jpg\" alt=\"Sensoorne pidu lastele J\u00e4rvamaal Kallaste Hobitalus \u2013 loovm\u00e4ng ja m\u00f6kerdamine looduses\" \/><\/figure><\/a><\/div><div class=\"swiper-slide\" role=\"group\" aria-roledescription=\"slide\" aria-label=\"2 of 3\"><a data-elementor-open-lightbox=\"yes\" data-elementor-lightbox-slideshow=\"30f433d\" data-elementor-lightbox-title=\"D85_7631\" data-elementor-lightbox-description=\"https:\/\/kallastehobitalu.ee\/wp-content\/uploads\/2024\/12\/cropped-D85_7631-scaled-1.jpg\" data-e-action-hash=\"#elementor-action%3Aaction%3Dlightbox%26settings%3DeyJpZCI6MjE1MiwidXJsIjoiaHR0cHM6XC9cL2thbGxhc3RlaG9iaXRhbHUuZWVcL3dwLWNvbnRlbnRcL3VwbG9hZHNcLzIwMjRcLzEyXC9jcm9wcGVkLUQ4NV83NjMxLXNjYWxlZC0xLmpwZyIsInNsaWRlc2hvdyI6IjMwZjQzM2QifQ%3D%3D\" href=\"https:\/\/kallastehobitalu.ee\/wp-content\/uploads\/2024\/12\/cropped-D85_7631-scaled-1.jpg\"><figure class=\"swiper-slide-inner\"><img decoding=\"async\" class=\"swiper-slide-image\" src=\"https:\/\/kallastehobitalu.ee\/wp-content\/uploads\/2024\/12\/cropped-D85_7631-scaled-1-1536x1024.jpg\" alt=\"Sensoorne pidu Kallaste Hobitalus,\" \/><\/figure><\/a><\/div><div class=\"swiper-slide\" role=\"group\" aria-roledescription=\"slide\" aria-label=\"3 of 3\"><a data-elementor-open-lightbox=\"yes\" data-elementor-lightbox-slideshow=\"30f433d\" data-elementor-lightbox-title=\"498636380_1132126115624912_47823442392222439_n\" data-elementor-lightbox-description=\"Kallaste Hobitalu kutsub 1\u20137-aastaseid lapsi sensoorsetele pidudele J\u00e4rvamaal, Abaja k\u00fclas. Pakume loovat ja meeli arendavat tegevust: mudakeskus, viljam\u00e4ngud, maalimine ja veem\u00e4ngud looduses. Osalustasu sisaldab loomapargi k\u00fclastust. Sensoorsed peod alustavad taas 2026. aasta suvel! Tule ja lase lapsel vabalt loovalt tegutseda turvalises talukeskkonnas.\" data-e-action-hash=\"#elementor-action%3Aaction%3Dlightbox%26settings%3DeyJpZCI6MjE1MywidXJsIjoiaHR0cHM6XC9cL2thbGxhc3RlaG9iaXRhbHUuZWVcL3dwLWNvbnRlbnRcL3VwbG9hZHNcLzIwMjZcLzA0XC80OTg2MzYzODBfMTEzMjEyNjExNTYyNDkxMl80NzgyMzQ0MjM5MjIyMjQzOV9uLmpwZyIsInNsaWRlc2hvdyI6IjMwZjQzM2QifQ%3D%3D\" href=\"https:\/\/kallastehobitalu.ee\/wp-content\/uploads\/2026\/04\/498636380_1132126115624912_47823442392222439_n.jpg\"><figure class=\"swiper-slide-inner\"><img decoding=\"async\" class=\"swiper-slide-image\" src=\"https:\/\/kallastehobitalu.ee\/wp-content\/uploads\/2026\/04\/498636380_1132126115624912_47823442392222439_n-1536x1024.jpg\" alt=\"Sensoorne pidu lastele J\u00e4rvamaal Kallaste Hobitalus \u2013 loovm\u00e4ng ja m\u00f6kerdamine looduses\" \/><\/figure><\/a><\/div>\t\t\t<\/div>\n\t\t\t\t\t\t\t\t\t\t\t\t<div class=\"elementor-swiper-button elementor-swiper-button-prev\" role=\"button\" tabindex=\"0\">\n\t\t\t\t\t\t<i aria-hidden=\"true\" class=\"eicon-chevron-left\"><\/i>\t\t\t\t\t<\/div>\n\t\t\t\t\t<div class=\"elementor-swiper-button elementor-swiper-button-next\" role=\"button\" tabindex=\"0\">\n\t\t\t\t\t\t<i aria-hidden=\"true\" class=\"eicon-chevron-right\"><\/i>\t\t\t\t\t<\/div>\n\t\t\t\t\n\t\t\t\t\t\t\t\t\t<div class=\"swiper-pagination\"><\/div>\n\t\t\t\t\t\t\t\t\t<\/div>\n\t\t\t\t\t\t<\/div>\n\t\t\t\t<\/div>\n\t\t\t\t\t<\/div>\n\t\t<\/div>\n\t\t\t\t\t<\/div>\n\t\t<\/section>\n\t\t\t\t<\/div>\n\t\t","protected":false},"excerpt":{"rendered":"<p>Sensory parties will start again in the summer of 2026! Kallaste Hobby Farm&#8217;s sensory party is designed for the littlest explorers, offering a joyful and playful experience in the heart of nature. The parties are meant for children aged 1\u20137 and combine creativity, movement, and sensory development in a safe and supportive environment. Children can look forward to various activity stations where they can paint on different surfaces, play with dry goods, explore water play, and enjoy getting messy and creative at their own pace. In addition, the mud station and playing in the grain offer plenty of excitement. The day is made especially memorable by meeting the farm&#8217;s lovely animals and enjoying the peaceful natural surroundings. The participation fee includes a visit to the farm and the sensory play experience. It&#8217;s a good idea to bring a change of clothes and wear something that can get dirty, because here, real play is allowed. 2026. We will announce the 2026 summer sensory party dates soon! We look forward to seeing you at Kallaste Hobby Farm in J\u00e4rvamaa, Abaja village\u2014a place where play, nature, and a child&#8217;s creativity can freely meet.<\/p>\n","protected":false},"author":1,"featured_media":0,"parent":0,"menu_order":0,"comment_status":"closed","ping_status":"closed","template":"","meta":{"om_disable_all_campaigns":false,"_monsterinsights_skip_tracking":false,"_monsterinsights_sitenote_active":false,"_monsterinsights_sitenote_note":"","_monsterinsights_sitenote_category":0,"footnotes":""},"class_list":["post-2155","page","type-page","status-publish","hentry"],"aioseo_notices":[],"jetpack_sharing_enabled":true,"_links":{"self":[{"href":"https:\/\/kallastehobitalu.ee\/en\/wp-json\/wp\/v2\/pages\/2155","targetHints":{"allow":["GET"]}}],"collection":[{"href":"https:\/\/kallastehobitalu.ee\/en\/wp-json\/wp\/v2\/pages"}],"about":[{"href":"https:\/\/kallastehobitalu.ee\/en\/wp-json\/wp\/v2\/types\/page"}],"author":[{"embeddable":true,"href":"https:\/\/kallastehobitalu.ee\/en\/wp-json\/wp\/v2\/users\/1"}],"replies":[{"embeddable":true,"href":"https:\/\/kallastehobitalu.ee\/en\/wp-json\/wp\/v2\/comments?post=2155"}],"version-history":[{"count":4,"href":"https:\/\/kallastehobitalu.ee\/en\/wp-json\/wp\/v2\/pages\/2155\/revisions"}],"predecessor-version":[{"id":2183,"href":"https:\/\/kallastehobitalu.ee\/en\/wp-json\/wp\/v2\/pages\/2155\/revisions\/2183"}],"wp:attachment":[{"href":"https:\/\/kallastehobitalu.ee\/en\/wp-json\/wp\/v2\/media?parent=2155"}],"curies":[{"name":"wp","href":"https:\/\/api.w.org\/{rel}","templated":true}]}}