{"id":2137,"date":"2022-09-29T21:22:13","date_gmt":"2022-09-29T18:22:13","guid":{"rendered":"https:\/\/kallastehobitalu.ee\/caravan-parking\/"},"modified":"2026-04-05T17:33:14","modified_gmt":"2026-04-05T14:33:14","slug":"caravan-parking","status":"publish","type":"page","link":"https:\/\/kallastehobitalu.ee\/en\/caravan-parking\/","title":{"rendered":"Caravan parking"},"content":{"rendered":"\t\t<div data-elementor-type=\"wp-page\" data-elementor-id=\"2137\" class=\"elementor elementor-2137 elementor-155\">\n\t\t\t\t\t\t<section class=\"elementor-section elementor-top-section elementor-element elementor-element-c272668 elementor-section-boxed elementor-section-height-default elementor-section-height-default\" data-id=\"c272668\" data-element_type=\"section\" data-e-type=\"section\">\n\t\t\t\t\t\t<div class=\"elementor-container elementor-column-gap-default\">\n\t\t\t\t\t<div class=\"elementor-column elementor-col-50 elementor-top-column elementor-element elementor-element-9e831cb\" data-id=\"9e831cb\" data-element_type=\"column\" data-e-type=\"column\">\n\t\t\t<div class=\"elementor-widget-wrap elementor-element-populated\">\n\t\t\t\t\t\t<div class=\"elementor-element elementor-element-8cb89f7 elementor-widget elementor-widget-image\" data-id=\"8cb89f7\" data-element_type=\"widget\" data-e-type=\"widget\" data-widget_type=\"image.default\">\n\t\t\t\t<div class=\"elementor-widget-container\">\n\t\t\t\t\t\t\t\t\t\t\t\t\t\t\t\t<a href=\"https:\/\/kallastehobitalu.ee\/wp-content\/uploads\/2022\/09\/IMG_20220605_175100-scaled.jpg\" data-elementor-open-lightbox=\"yes\" data-elementor-lightbox-title=\"Caravanning at Kallaste Hobitalu in J\u00e4rvamaa\" data-elementor-lightbox-description=\"Mugav haagissuvila parkimine Kallaste Hobitalus J\u00e4rvamaal. Hind 25\u20ac\/\u00f6\u00f6p\u00e4ev sisaldab elektri\u00fchendust ja v\u00e4rsket tarbevett kaevust. K\u00fclastajatel on v\u00f5imalus kasutada grilli ja v\u00e4lik\u00f6\u00f6ki. Talu ja loomapargi k\u00fclastus lisatasu eest (7\u20ac\/inimene, lapsed kuni 3a tasuta).\" data-e-action-hash=\"#elementor-action%3Aaction%3Dlightbox%26settings%3DeyJpZCI6MjEzOSwidXJsIjoiaHR0cHM6XC9cL2thbGxhc3RlaG9iaXRhbHUuZWVcL3dwLWNvbnRlbnRcL3VwbG9hZHNcLzIwMjJcLzA5XC9JTUdfMjAyMjA2MDVfMTc1MTAwLXNjYWxlZC5qcGcifQ%3D%3D\">\n\t\t\t\t\t\t\t<img fetchpriority=\"high\" decoding=\"async\" width=\"960\" height=\"718\" src=\"https:\/\/kallastehobitalu.ee\/wp-content\/uploads\/2022\/09\/IMG_20220605_175100-1024x766.jpg\" class=\"attachment-large size-large wp-image-2139\" alt=\"Haagissuvila parkimine ja karavanikoht J\u00e4rvamaal Kallaste Hobitalus\" srcset=\"https:\/\/kallastehobitalu.ee\/wp-content\/uploads\/2022\/09\/IMG_20220605_175100-1024x766.jpg 1024w, https:\/\/kallastehobitalu.ee\/wp-content\/uploads\/2022\/09\/IMG_20220605_175100-scaled-600x449.jpg 600w, https:\/\/kallastehobitalu.ee\/wp-content\/uploads\/2022\/09\/IMG_20220605_175100-300x224.jpg 300w, https:\/\/kallastehobitalu.ee\/wp-content\/uploads\/2022\/09\/IMG_20220605_175100-768x575.jpg 768w, https:\/\/kallastehobitalu.ee\/wp-content\/uploads\/2022\/09\/IMG_20220605_175100-1536x1149.jpg 1536w, https:\/\/kallastehobitalu.ee\/wp-content\/uploads\/2022\/09\/IMG_20220605_175100-2048x1532.jpg 2048w\" sizes=\"(max-width: 960px) 100vw, 960px\" \/>\t\t\t\t\t\t\t\t<\/a>\n\t\t\t\t\t\t\t\t\t\t\t\t\t\t\t<\/div>\n\t\t\t\t<\/div>\n\t\t\t\t\t<\/div>\n\t\t<\/div>\n\t\t\t\t<div class=\"elementor-column elementor-col-50 elementor-top-column elementor-element elementor-element-b5016ad\" data-id=\"b5016ad\" data-element_type=\"column\" data-e-type=\"column\">\n\t\t\t<div class=\"elementor-widget-wrap elementor-element-populated\">\n\t\t\t\t\t\t<div class=\"elementor-element elementor-element-d263e1d elementor-widget elementor-widget-text-editor\" data-id=\"d263e1d\" data-element_type=\"widget\" data-e-type=\"widget\" data-widget_type=\"text-editor.default\">\n\t\t\t\t<div class=\"elementor-widget-container\">\n\t\t\t\t\t\t\t\t\t<p><strong>Caravan parking \u20ac25\/night. <\/strong><\/p>\n<p>The price includes an electrical hookup and fresh water from the well. Access to a grill and outdoor kitchen.<\/p>\n<p>Farm visit for an additional fee: \u20ac7\/person, children up to 3 years old are free!<\/p>\t\t\t\t\t\t\t\t<\/div>\n\t\t\t\t<\/div>\n\t\t\t\t\t<\/div>\n\t\t<\/div>\n\t\t\t\t\t<\/div>\n\t\t<\/section>\n\t\t\t\t<\/div>\n\t\t","protected":false},"excerpt":{"rendered":"<p>Caravan parking \u20ac25\/night. The price includes an electrical hookup and fresh water from the well. Access to a grill and outdoor kitchen. Farm visit for an additional fee: \u20ac7\/person, children up to 3 years old are free!<\/p>\n","protected":false},"author":1,"featured_media":0,"parent":0,"menu_order":0,"comment_status":"closed","ping_status":"closed","template":"","meta":{"om_disable_all_campaigns":false,"_monsterinsights_skip_tracking":false,"_monsterinsights_sitenote_active":false,"_monsterinsights_sitenote_note":"","_monsterinsights_sitenote_category":0,"footnotes":""},"class_list":["post-2137","page","type-page","status-publish","hentry"],"aioseo_notices":[],"jetpack_sharing_enabled":true,"_links":{"self":[{"href":"https:\/\/kallastehobitalu.ee\/en\/wp-json\/wp\/v2\/pages\/2137","targetHints":{"allow":["GET"]}}],"collection":[{"href":"https:\/\/kallastehobitalu.ee\/en\/wp-json\/wp\/v2\/pages"}],"about":[{"href":"https:\/\/kallastehobitalu.ee\/en\/wp-json\/wp\/v2\/types\/page"}],"author":[{"embeddable":true,"href":"https:\/\/kallastehobitalu.ee\/en\/wp-json\/wp\/v2\/users\/1"}],"replies":[{"embeddable":true,"href":"https:\/\/kallastehobitalu.ee\/en\/wp-json\/wp\/v2\/comments?post=2137"}],"version-history":[{"count":4,"href":"https:\/\/kallastehobitalu.ee\/en\/wp-json\/wp\/v2\/pages\/2137\/revisions"}],"predecessor-version":[{"id":2170,"href":"https:\/\/kallastehobitalu.ee\/en\/wp-json\/wp\/v2\/pages\/2137\/revisions\/2170"}],"wp:attachment":[{"href":"https:\/\/kallastehobitalu.ee\/en\/wp-json\/wp\/v2\/media?parent=2137"}],"curies":[{"name":"wp","href":"https:\/\/api.w.org\/{rel}","templated":true}]}}